{"id":1070,"date":"2024-12-08T09:59:25","date_gmt":"2024-12-08T09:59:25","guid":{"rendered":"https:\/\/www.eclatdemoselle.fr\/rechtliche-hinweise\/"},"modified":"2025-01-11T20:18:15","modified_gmt":"2025-01-11T20:18:15","slug":"rechtliche-hinweise","status":"publish","type":"page","link":"https:\/\/www.eclatdemoselle.fr\/de\/rechtliche-hinweise\/","title":{"rendered":"Rechtliche Hinweise"},"content":{"rendered":"\t\t<div data-elementor-type=\"wp-page\" data-elementor-id=\"1070\" class=\"elementor elementor-1070 elementor-504\" data-elementor-post-type=\"page\">\n\t\t\t\t<div class=\"elementor-element elementor-element-1f7e3b6 e-flex e-con-boxed e-con e-parent\" data-id=\"1f7e3b6\" data-element_type=\"container\" data-e-type=\"container\">\n\t\t\t\t\t<div class=\"e-con-inner\">\n\t\t\t\t<div class=\"elementor-element elementor-element-6dcab15 elementor-widget elementor-widget-heading\" data-id=\"6dcab15\" data-element_type=\"widget\" data-e-type=\"widget\" data-widget_type=\"heading.default\">\n\t\t\t\t<div class=\"elementor-widget-container\">\n\t\t\t\t\t<h2 class=\"elementor-heading-title elementor-size-default\">Rechtliche Hinweise  <\/h2>\t\t\t\t<\/div>\n\t\t\t\t<\/div>\n\t\t\t\t<div class=\"elementor-element elementor-element-3ce1ccf elementor-widget elementor-widget-text-editor\" data-id=\"3ce1ccf\" data-element_type=\"widget\" data-e-type=\"widget\" data-widget_type=\"text-editor.default\">\n\t\t\t\t<div class=\"elementor-widget-container\">\n\t\t\t\t\t\t\t\t\t<p>Eclat de moselle und Eclat 2 moselle sind eingetragene Marken von ECLAT DE MOSELLE.  <\/p>\n<p><strong>Unterbringung :<\/strong> AWS<br \/><strong>Verantwortlich f\u00fcr die Ver\u00f6ffentlichung<\/strong>: Olivier und Sylvie Riehl<\/p>\n<p>ECLAT DE MOSELLE ist eine Gesellschaft mit beschr\u00e4nkter Haftung, die am 01.04.2024 in BASSE-RENTGEN (57570) gegr\u00fcndet wurde.<br \/>Das Unternehmen ist auf den Gesch\u00e4ftssektor der laufenden Geb\u00e4udereinigung spezialisiert (APE\/NAF 8121Z).<\/p>\n<p><strong>Registrierung: <\/strong><br \/>SIRET: 98526390400015<br \/>SIREN: 985263904<br \/>MwSt.: FR61985263904<br \/>RCS Thionville B 985 263 904 seit dem 06-03-2024  <\/p>\n\t\t\t\t\t\t\t\t<\/div>\n\t\t\t\t<\/div>\n\t\t\t\t\t<\/div>\n\t\t\t\t<\/div>\n\t\t\t\t<\/div>\n\t\t","protected":false},"excerpt":{"rendered":"<p>Rechtliche Hinweise Eclat de moselle und Eclat 2 moselle sind eingetragene Marken von ECLAT DE MOSELLE. Unterbringung : AWSVerantwortlich f\u00fcr die Ver\u00f6ffentlichung: Olivier und Sylvie Riehl ECLAT DE MOSELLE ist eine Gesellschaft mit beschr\u00e4nkter Haftung, die am 01.04.2024 in BASSE-RENTGEN (57570) gegr\u00fcndet wurde.Das Unternehmen ist auf den Gesch\u00e4ftssektor der laufenden Geb\u00e4udereinigung spezialisiert (APE\/NAF 8121Z). Registrierung: [&hellip;]<\/p>\n","protected":false},"author":2,"featured_media":0,"parent":0,"menu_order":0,"comment_status":"closed","ping_status":"closed","template":"","meta":{"footnotes":""},"class_list":["post-1070","page","type-page","status-publish","hentry"],"aioseo_notices":[],"_links":{"self":[{"href":"https:\/\/www.eclatdemoselle.fr\/de\/wp-json\/wp\/v2\/pages\/1070","targetHints":{"allow":["GET"]}}],"collection":[{"href":"https:\/\/www.eclatdemoselle.fr\/de\/wp-json\/wp\/v2\/pages"}],"about":[{"href":"https:\/\/www.eclatdemoselle.fr\/de\/wp-json\/wp\/v2\/types\/page"}],"author":[{"embeddable":true,"href":"https:\/\/www.eclatdemoselle.fr\/de\/wp-json\/wp\/v2\/users\/2"}],"replies":[{"embeddable":true,"href":"https:\/\/www.eclatdemoselle.fr\/de\/wp-json\/wp\/v2\/comments?post=1070"}],"version-history":[{"count":0,"href":"https:\/\/www.eclatdemoselle.fr\/de\/wp-json\/wp\/v2\/pages\/1070\/revisions"}],"wp:attachment":[{"href":"https:\/\/www.eclatdemoselle.fr\/de\/wp-json\/wp\/v2\/media?parent=1070"}],"curies":[{"name":"wp","href":"https:\/\/api.w.org\/{rel}","templated":true}]}}