{"id":1974,"date":"2025-01-23T16:17:34","date_gmt":"2025-01-23T16:17:34","guid":{"rendered":"https:\/\/www.eclatdemoselle.fr\/standort-concierge\/"},"modified":"2025-01-27T08:42:16","modified_gmt":"2025-01-27T08:42:16","slug":"standort-concierge","status":"publish","type":"page","link":"https:\/\/www.eclatdemoselle.fr\/de\/standort-concierge\/","title":{"rendered":"Concierge"},"content":{"rendered":"\t\t<div data-elementor-type=\"wp-page\" data-elementor-id=\"1974\" class=\"elementor elementor-1974 elementor-1957\" data-elementor-post-type=\"page\">\n\t\t\t\t<div class=\"elementor-element elementor-element-5552ba7 e-flex e-con-boxed e-con e-parent\" data-id=\"5552ba7\" data-element_type=\"container\" data-e-type=\"container\" data-settings=\"{&quot;background_background&quot;:&quot;classic&quot;}\">\n\t\t\t\t\t<div class=\"e-con-inner\">\n\t\t<div class=\"elementor-element elementor-element-0adda78 e-con-full e-flex elementor-invisible e-con e-child\" data-id=\"0adda78\" data-element_type=\"container\" data-e-type=\"container\" data-settings=\"{&quot;background_background&quot;:&quot;classic&quot;,&quot;animation&quot;:&quot;fadeIn&quot;}\">\n\t\t\t\t<div class=\"elementor-element elementor-element-e4a8f97 elementor-widget elementor-widget-heading\" data-id=\"e4a8f97\" data-element_type=\"widget\" data-e-type=\"widget\" data-widget_type=\"heading.default\">\n\t\t\t\t<div class=\"elementor-widget-container\">\n\t\t\t\t\t<h1 class=\"elementor-heading-title elementor-size-default\">Hausmeisterservice f\u00fcr Ferienh\u00e4user<\/h1>\t\t\t\t<\/div>\n\t\t\t\t<\/div>\n\t\t\t\t<div class=\"elementor-element elementor-element-78718f2 elementor-widget elementor-widget-text-editor\" data-id=\"78718f2\" data-element_type=\"widget\" data-e-type=\"widget\" data-widget_type=\"text-editor.default\">\n\t\t\t\t<div class=\"elementor-widget-container\">\n\t\t\t\t\t\t\t\t\t<p>Als Erg\u00e4nzung zu unseren Aktivit\u00e4ten bieten wir einen kompletten Hausmeisterservice f\u00fcr Ferienh\u00e4user an. Festlegung des Stils, Verbesserung von M\u00f6beln und Dekoration, Erstellung attraktiver Anzeigen mit professionellen Fotos, Verwaltung von Buchungen und Aufenthalten (Ein- und Auschecken, Beantwortung von Anfragen, Reisef\u00fchrer und Zahlungen). Wir k\u00fcmmern uns um die Vorbereitung vor der Ankunft, die Verwaltung von Verbrauchsmaterial, Kundengeschenke, W\u00e4scherei und Partnerschaften.<\/p>\n<p>Wir unterst\u00fctzen Sie dabei, das Potenzial Ihres Ferienhauses zu maximieren.<\/p>\t\t\t\t\t\t\t\t<\/div>\n\t\t\t\t<\/div>\n\t\t\t\t<div class=\"elementor-element elementor-element-ab8b2e6 elementor-button-info elementor-align-left elementor-mobile-align-justify elementor-widget-mobile__width-inherit elementor-widget elementor-widget-button\" data-id=\"ab8b2e6\" data-element_type=\"widget\" data-e-type=\"widget\" data-widget_type=\"button.default\">\n\t\t\t\t<div class=\"elementor-widget-container\">\n\t\t\t\t\t\t\t\t\t<div class=\"elementor-button-wrapper\">\n\t\t\t\t\t<a class=\"elementor-button elementor-button-link elementor-size-sm\" href=\"https:\/\/www.eclatdemoselle.fr\/de\/kontakt\/\">\n\t\t\t\t\t\t<span class=\"elementor-button-content-wrapper\">\n\t\t\t\t\t\t\t\t\t<span class=\"elementor-button-text\">Kontaktieren Sie uns<\/span>\n\t\t\t\t\t<\/span>\n\t\t\t\t\t<\/a>\n\t\t\t\t<\/div>\n\t\t\t\t\t\t\t\t<\/div>\n\t\t\t\t<\/div>\n\t\t\t\t<\/div>\n\t\t\t\t\t<\/div>\n\t\t\t\t<\/div>\n\t\t<div class=\"elementor-element elementor-element-c2e0f68 e-flex e-con-boxed e-con e-parent\" data-id=\"c2e0f68\" data-element_type=\"container\" data-e-type=\"container\" data-settings=\"{&quot;background_background&quot;:&quot;classic&quot;}\">\n\t\t\t\t\t<div class=\"e-con-inner\">\n\t\t<div class=\"elementor-element elementor-element-862b4f6 e-con-full e-flex e-con e-child\" data-id=\"862b4f6\" data-element_type=\"container\" data-e-type=\"container\">\n\t\t<div class=\"elementor-element elementor-element-8e3b3b9 e-con-full e-flex elementor-invisible e-con e-child\" data-id=\"8e3b3b9\" data-element_type=\"container\" data-e-type=\"container\" data-settings=\"{&quot;background_background&quot;:&quot;classic&quot;,&quot;animation&quot;:&quot;fadeInUp&quot;,&quot;animation_delay&quot;:600}\">\n\t\t<div class=\"elementor-element elementor-element-c4fb9f9 e-con-full e-flex e-con e-child\" data-id=\"c4fb9f9\" data-element_type=\"container\" data-e-type=\"container\">\n\t\t\t\t<div class=\"elementor-element elementor-element-0cec2a8 elementor-widget elementor-widget-heading\" data-id=\"0cec2a8\" data-element_type=\"widget\" data-e-type=\"widget\" data-widget_type=\"heading.default\">\n\t\t\t\t<div class=\"elementor-widget-container\">\n\t\t\t\t\t<h3 class=\"elementor-heading-title elementor-size-default\">Vermarktung  <\/h3>\t\t\t\t<\/div>\n\t\t\t\t<\/div>\n\t\t\t\t<div class=\"elementor-element elementor-element-fb7d0df elementor-widget elementor-widget-text-editor\" data-id=\"fb7d0df\" data-element_type=\"widget\" data-e-type=\"widget\" data-widget_type=\"text-editor.default\">\n\t\t\t\t<div class=\"elementor-widget-container\">\n\t\t\t\t\t\t\t\t\t<p><strong>Unsere Leistungen<\/strong><\/p>\n<ul>\n<li>Beratung zur Aufwertung der Immobilie (Stil, Thema, M\u00f6blierung)<\/li>\n<li>Professionelle Fotoaufnahmen<\/li>\n<li>Verfassen von Anzeigen und Ver\u00f6ffentlichung auf mehreren Plattformen<\/li>\n<li>Definition und Optimierung der Tarife f\u00fcr jede Unterkunft<\/li>\n<\/ul>\n\t\t\t\t\t\t\t\t<\/div>\n\t\t\t\t<\/div>\n\t\t\t\t<\/div>\n\t\t\t\t<div class=\"elementor-element elementor-element-3aa0dea elementor-widget elementor-widget-image\" data-id=\"3aa0dea\" data-element_type=\"widget\" data-e-type=\"widget\" data-widget_type=\"image.default\">\n\t\t\t\t<div class=\"elementor-widget-container\">\n\t\t\t\t\t\t\t\t\t\t\t\t\t\t\t<img fetchpriority=\"high\" decoding=\"async\" width=\"768\" height=\"512\" src=\"https:\/\/www.eclatdemoselle.fr\/wp-content\/uploads\/2025\/01\/commercialisation-768x512.jpeg\" class=\"attachment-medium_large size-medium_large wp-image-2055\" alt=\"Optimisation de votre logement : \u00e9quipement et ameublement\" srcset=\"https:\/\/www.eclatdemoselle.fr\/wp-content\/uploads\/2025\/01\/commercialisation-768x512.jpeg 768w, https:\/\/www.eclatdemoselle.fr\/wp-content\/uploads\/2025\/01\/commercialisation-300x200.jpeg 300w, https:\/\/www.eclatdemoselle.fr\/wp-content\/uploads\/2025\/01\/commercialisation-1024x683.jpeg 1024w, https:\/\/www.eclatdemoselle.fr\/wp-content\/uploads\/2025\/01\/commercialisation.jpeg 1440w\" sizes=\"(max-width: 768px) 100vw, 768px\" \/>\t\t\t\t\t\t\t\t\t\t\t\t\t\t\t<\/div>\n\t\t\t\t<\/div>\n\t\t\t\t<\/div>\n\t\t<div class=\"elementor-element elementor-element-9c79d66 e-con-full e-flex elementor-invisible e-con e-child\" data-id=\"9c79d66\" data-element_type=\"container\" data-e-type=\"container\" data-settings=\"{&quot;background_background&quot;:&quot;classic&quot;,&quot;animation&quot;:&quot;fadeInUp&quot;,&quot;animation_delay&quot;:0}\">\n\t\t\t\t<div class=\"elementor-element elementor-element-1ed77b7 elementor-widget elementor-widget-image\" data-id=\"1ed77b7\" data-element_type=\"widget\" data-e-type=\"widget\" data-settings=\"{&quot;_animation&quot;:&quot;none&quot;}\" data-widget_type=\"image.default\">\n\t\t\t\t<div class=\"elementor-widget-container\">\n\t\t\t\t\t\t\t\t\t\t\t\t\t\t\t<img decoding=\"async\" width=\"768\" height=\"726\" src=\"https:\/\/www.eclatdemoselle.fr\/wp-content\/uploads\/2025\/01\/calendar-1-768x726.jpg\" class=\"attachment-medium_large size-medium_large wp-image-2061\" alt=\"Gestion des r\u00e9servations\" srcset=\"https:\/\/www.eclatdemoselle.fr\/wp-content\/uploads\/2025\/01\/calendar-1-768x726.jpg 768w, https:\/\/www.eclatdemoselle.fr\/wp-content\/uploads\/2025\/01\/calendar-1-300x284.jpg 300w, https:\/\/www.eclatdemoselle.fr\/wp-content\/uploads\/2025\/01\/calendar-1-1024x968.jpg 1024w, https:\/\/www.eclatdemoselle.fr\/wp-content\/uploads\/2025\/01\/calendar-1.jpg 1200w\" sizes=\"(max-width: 768px) 100vw, 768px\" \/>\t\t\t\t\t\t\t\t\t\t\t\t\t\t\t<\/div>\n\t\t\t\t<\/div>\n\t\t<div class=\"elementor-element elementor-element-693f2fd e-con-full e-flex e-con e-child\" data-id=\"693f2fd\" data-element_type=\"container\" data-e-type=\"container\">\n\t\t\t\t<div class=\"elementor-element elementor-element-b7423b8 elementor-widget elementor-widget-heading\" data-id=\"b7423b8\" data-element_type=\"widget\" data-e-type=\"widget\" data-widget_type=\"heading.default\">\n\t\t\t\t<div class=\"elementor-widget-container\">\n\t\t\t\t\t<h3 class=\"elementor-heading-title elementor-size-default\">Reservierungen<\/h3>\t\t\t\t<\/div>\n\t\t\t\t<\/div>\n\t\t\t\t<div class=\"elementor-element elementor-element-d3751d5 elementor-widget elementor-widget-text-editor\" data-id=\"d3751d5\" data-element_type=\"widget\" data-e-type=\"widget\" data-widget_type=\"text-editor.default\">\n\t\t\t\t<div class=\"elementor-widget-container\">\n\t\t\t\t\t\t\t\t\t<p><strong>Unsere Leistungen<\/strong><\/p>\n<ul>\n<li>Verwaltung von Kalendern und Reservierungen (mindestens 2 N\u00e4chte)<\/li>\n<li>Auswahl der Mieter und Verwaltung der Zahlungen<\/li>\n<li>Beantwortung von Kundenfragen<\/li>\n<\/ul>\n\t\t\t\t\t\t\t\t<\/div>\n\t\t\t\t<\/div>\n\t\t\t\t<\/div>\n\t\t\t\t<\/div>\n\t\t<div class=\"elementor-element elementor-element-ec5b358 e-con-full e-flex elementor-invisible e-con e-child\" data-id=\"ec5b358\" data-element_type=\"container\" data-e-type=\"container\" data-settings=\"{&quot;background_background&quot;:&quot;classic&quot;,&quot;animation&quot;:&quot;fadeInUp&quot;}\">\n\t\t<div class=\"elementor-element elementor-element-d0f1a18 e-con-full e-flex e-con e-child\" data-id=\"d0f1a18\" data-element_type=\"container\" data-e-type=\"container\">\n\t\t\t\t<div class=\"elementor-element elementor-element-7ff4448 elementor-widget elementor-widget-heading\" data-id=\"7ff4448\" data-element_type=\"widget\" data-e-type=\"widget\" data-widget_type=\"heading.default\">\n\t\t\t\t<div class=\"elementor-widget-container\">\n\t\t\t\t\t<h3 class=\"elementor-heading-title elementor-size-default\">Aufenthalte der Reisenden<\/h3>\t\t\t\t<\/div>\n\t\t\t\t<\/div>\n\t\t\t\t<div class=\"elementor-element elementor-element-a18a7f6 elementor-widget elementor-widget-text-editor\" data-id=\"a18a7f6\" data-element_type=\"widget\" data-e-type=\"widget\" data-widget_type=\"text-editor.default\">\n\t\t\t\t<div class=\"elementor-widget-container\">\n\t\t\t\t\t\t\t\t\t<p><strong>Unsere Leistungen<\/strong><\/p>\n<ul>\n<li>Verwaltung von Ank\u00fcnften und Abreisen<\/li>\n<li>Schl\u00fcsselverwaltung<\/li>\n<li>Begr\u00fc\u00dfungsheft und Regeln der Unterkunft<\/li>\n<li>Lokale Beratung und Bereitstellung von Touristenbrosch\u00fcren<\/li>\n<li>Aufbau von lokalen Partnerschaften (Restaurants, Aktivit\u00e4ten)<\/li>\n<li>Beantwortung von Fragen der Mieter (5 Tage die Woche von 9 bis 17 Uhr)<\/li>\n<\/ul>\n\t\t\t\t\t\t\t\t<\/div>\n\t\t\t\t<\/div>\n\t\t\t\t<\/div>\n\t\t\t\t<div class=\"elementor-element elementor-element-c5bac16 elementor-widget elementor-widget-image\" data-id=\"c5bac16\" data-element_type=\"widget\" data-e-type=\"widget\" data-widget_type=\"image.default\">\n\t\t\t\t<div class=\"elementor-widget-container\">\n\t\t\t\t\t\t\t\t\t\t\t\t\t\t\t<img decoding=\"async\" width=\"768\" height=\"512\" src=\"https:\/\/www.eclatdemoselle.fr\/wp-content\/uploads\/2025\/01\/sejour-768x512.jpg\" class=\"attachment-medium_large size-medium_large wp-image-2064\" alt=\"S\u00e9jour des voyageurs\" srcset=\"https:\/\/www.eclatdemoselle.fr\/wp-content\/uploads\/2025\/01\/sejour-768x512.jpg 768w, https:\/\/www.eclatdemoselle.fr\/wp-content\/uploads\/2025\/01\/sejour-300x200.jpg 300w, https:\/\/www.eclatdemoselle.fr\/wp-content\/uploads\/2025\/01\/sejour-1024x683.jpg 1024w, https:\/\/www.eclatdemoselle.fr\/wp-content\/uploads\/2025\/01\/sejour.jpg 1200w\" sizes=\"(max-width: 768px) 100vw, 768px\" \/>\t\t\t\t\t\t\t\t\t\t\t\t\t\t\t<\/div>\n\t\t\t\t<\/div>\n\t\t\t\t<\/div>\n\t\t<div class=\"elementor-element elementor-element-5558930 e-con-full e-flex elementor-invisible e-con e-child\" data-id=\"5558930\" data-element_type=\"container\" data-e-type=\"container\" data-settings=\"{&quot;background_background&quot;:&quot;classic&quot;,&quot;animation&quot;:&quot;fadeInUp&quot;,&quot;animation_delay&quot;:0}\">\n\t\t\t\t<div class=\"elementor-element elementor-element-67bd516 elementor-widget elementor-widget-image\" data-id=\"67bd516\" data-element_type=\"widget\" data-e-type=\"widget\" data-settings=\"{&quot;_animation&quot;:&quot;none&quot;}\" data-widget_type=\"image.default\">\n\t\t\t\t<div class=\"elementor-widget-container\">\n\t\t\t\t\t\t\t\t\t\t\t\t\t\t\t<img loading=\"lazy\" decoding=\"async\" width=\"768\" height=\"576\" src=\"https:\/\/www.eclatdemoselle.fr\/wp-content\/uploads\/2025\/01\/checklist-768x576.jpg\" class=\"attachment-medium_large size-medium_large wp-image-2067\" alt=\"Maintenance et services additionnels\" srcset=\"https:\/\/www.eclatdemoselle.fr\/wp-content\/uploads\/2025\/01\/checklist-768x576.jpg 768w, https:\/\/www.eclatdemoselle.fr\/wp-content\/uploads\/2025\/01\/checklist-300x225.jpg 300w, https:\/\/www.eclatdemoselle.fr\/wp-content\/uploads\/2025\/01\/checklist-1024x768.jpg 1024w, https:\/\/www.eclatdemoselle.fr\/wp-content\/uploads\/2025\/01\/checklist.jpg 1200w\" sizes=\"(max-width: 768px) 100vw, 768px\" \/>\t\t\t\t\t\t\t\t\t\t\t\t\t\t\t<\/div>\n\t\t\t\t<\/div>\n\t\t<div class=\"elementor-element elementor-element-e8f9f9b e-con-full e-flex e-con e-child\" data-id=\"e8f9f9b\" data-element_type=\"container\" data-e-type=\"container\">\n\t\t\t\t<div class=\"elementor-element elementor-element-e4ebf2d elementor-widget elementor-widget-heading\" data-id=\"e4ebf2d\" data-element_type=\"widget\" data-e-type=\"widget\" data-widget_type=\"heading.default\">\n\t\t\t\t<div class=\"elementor-widget-container\">\n\t\t\t\t\t<h3 class=\"elementor-heading-title elementor-size-default\">Zus\u00e4tzliche Dienstleistungen und Wartung<\/h3>\t\t\t\t<\/div>\n\t\t\t\t<\/div>\n\t\t\t\t<div class=\"elementor-element elementor-element-704198f elementor-widget elementor-widget-text-editor\" data-id=\"704198f\" data-element_type=\"widget\" data-e-type=\"widget\" data-widget_type=\"text-editor.default\">\n\t\t\t\t<div class=\"elementor-widget-container\">\n\t\t\t\t\t\t\t\t\t<p><strong>Unsere Leistungen<\/strong><\/p>\n<ul>\n<li>Verwaltung von Verbrauchsmaterial (Tee, Kaffee, \u00d6l usw.).<\/li>\n<li>W\u00e4scherei und Wechsel von Bettw\u00e4sche, Decken und Handt\u00fcchern<\/li>\n<li>Endreinigung<\/li>\n<li>Verfolgung von Buchungen und monatlicher Finanzbericht<\/li>\n<li>Intervention bei Problemen oder Wartung<\/li>\n<\/ul>\n\t\t\t\t\t\t\t\t<\/div>\n\t\t\t\t<\/div>\n\t\t\t\t<\/div>\n\t\t\t\t<\/div>\n\t\t\t\t<\/div>\n\t\t\t\t\t<\/div>\n\t\t\t\t<\/div>\n\t\t\t\t<\/div>\n\t\t","protected":false},"excerpt":{"rendered":"<p>Hausmeisterservice f\u00fcr Ferienh\u00e4user Als Erg\u00e4nzung zu unseren Aktivit\u00e4ten bieten wir einen kompletten Hausmeisterservice f\u00fcr Ferienh\u00e4user an. Festlegung des Stils, Verbesserung von M\u00f6beln und Dekoration, Erstellung attraktiver Anzeigen mit professionellen Fotos, Verwaltung von Buchungen und Aufenthalten (Ein- und Auschecken, Beantwortung von Anfragen, Reisef\u00fchrer und Zahlungen). Wir k\u00fcmmern uns um die Vorbereitung vor der Ankunft, die Verwaltung [&hellip;]<\/p>\n","protected":false},"author":2,"featured_media":0,"parent":0,"menu_order":0,"comment_status":"closed","ping_status":"closed","template":"","meta":{"footnotes":""},"class_list":["post-1974","page","type-page","status-publish","hentry"],"aioseo_notices":[],"_links":{"self":[{"href":"https:\/\/www.eclatdemoselle.fr\/de\/wp-json\/wp\/v2\/pages\/1974","targetHints":{"allow":["GET"]}}],"collection":[{"href":"https:\/\/www.eclatdemoselle.fr\/de\/wp-json\/wp\/v2\/pages"}],"about":[{"href":"https:\/\/www.eclatdemoselle.fr\/de\/wp-json\/wp\/v2\/types\/page"}],"author":[{"embeddable":true,"href":"https:\/\/www.eclatdemoselle.fr\/de\/wp-json\/wp\/v2\/users\/2"}],"replies":[{"embeddable":true,"href":"https:\/\/www.eclatdemoselle.fr\/de\/wp-json\/wp\/v2\/comments?post=1974"}],"version-history":[{"count":4,"href":"https:\/\/www.eclatdemoselle.fr\/de\/wp-json\/wp\/v2\/pages\/1974\/revisions"}],"predecessor-version":[{"id":2178,"href":"https:\/\/www.eclatdemoselle.fr\/de\/wp-json\/wp\/v2\/pages\/1974\/revisions\/2178"}],"wp:attachment":[{"href":"https:\/\/www.eclatdemoselle.fr\/de\/wp-json\/wp\/v2\/media?parent=1974"}],"curies":[{"name":"wp","href":"https:\/\/api.w.org\/{rel}","templated":true}]}}