{"id":785,"date":"2024-12-05T11:23:44","date_gmt":"2024-12-05T11:23:44","guid":{"rendered":"https:\/\/www.eclatdemoselle.fr\/eclat-de-moselle\/"},"modified":"2025-05-03T11:07:42","modified_gmt":"2025-05-03T11:07:42","slug":"eclat-de-moselle","status":"publish","type":"page","link":"https:\/\/www.eclatdemoselle.fr\/de\/","title":{"rendered":"Haushalt, Reinigung, Pflege in Thionville und Luxemburg"},"content":{"rendered":"\t\t<div data-elementor-type=\"wp-page\" data-elementor-id=\"785\" class=\"elementor elementor-785 elementor-56\" data-elementor-post-type=\"page\">\n\t\t\t\t<div class=\"elementor-element elementor-element-9a04789 e-flex e-con-boxed e-con e-parent\" data-id=\"9a04789\" data-element_type=\"container\" data-e-type=\"container\" data-settings=\"{&quot;background_background&quot;:&quot;classic&quot;}\">\n\t\t\t\t\t<div class=\"e-con-inner\">\n\t\t<div class=\"elementor-element elementor-element-9ccc0e9 e-con-full e-flex elementor-invisible e-con e-child\" data-id=\"9ccc0e9\" data-element_type=\"container\" data-e-type=\"container\" data-settings=\"{&quot;background_background&quot;:&quot;classic&quot;,&quot;animation&quot;:&quot;fadeIn&quot;}\">\n\t\t\t\t<div class=\"elementor-element elementor-element-4e728a9 elementor-widget elementor-widget-heading\" data-id=\"4e728a9\" data-element_type=\"widget\" data-e-type=\"widget\" data-widget_type=\"heading.default\">\n\t\t\t\t<div class=\"elementor-widget-container\">\n\t\t\t\t\t<h1 class=\"elementor-heading-title elementor-size-default\">Eclat de Moselle: der Glanz, der den Unterschied macht<\/h1>\t\t\t\t<\/div>\n\t\t\t\t<\/div>\n\t\t\t\t<div class=\"elementor-element elementor-element-ae070af elementor-widget elementor-widget-text-editor\" data-id=\"ae070af\" data-element_type=\"widget\" data-e-type=\"widget\" data-widget_type=\"text-editor.default\">\n\t\t\t\t<div class=\"elementor-widget-container\">\n\t\t\t\t\t\t\t\t\t<p>Haushalt, Reinigung, Pflege in Thionville und Luxemburg: Eclat de Moselle bietet Privatpersonen, Gewerbetreibenden und K\u00f6rperschaften Dienstleistungen an, die auf ihre spezifischen Bed\u00fcrfnisse zugeschnitten sind.<\/p>\t\t\t\t\t\t\t\t<\/div>\n\t\t\t\t<\/div>\n\t\t\t\t<div class=\"elementor-element elementor-element-6b90171 elementor-button-info elementor-align-left elementor-mobile-align-justify elementor-widget-mobile__width-inherit elementor-widget elementor-widget-button\" data-id=\"6b90171\" data-element_type=\"widget\" data-e-type=\"widget\" data-widget_type=\"button.default\">\n\t\t\t\t<div class=\"elementor-widget-container\">\n\t\t\t\t\t\t\t\t\t<div class=\"elementor-button-wrapper\">\n\t\t\t\t\t<a class=\"elementor-button elementor-button-link elementor-size-sm\" href=\"https:\/\/www.eclatdemoselle.fr\/de\/kontakt\/\">\n\t\t\t\t\t\t<span class=\"elementor-button-content-wrapper\">\n\t\t\t\t\t\t\t\t\t<span class=\"elementor-button-text\">Kontaktieren Sie uns<\/span>\n\t\t\t\t\t<\/span>\n\t\t\t\t\t<\/a>\n\t\t\t\t<\/div>\n\t\t\t\t\t\t\t\t<\/div>\n\t\t\t\t<\/div>\n\t\t\t\t<\/div>\n\t\t\t\t\t<\/div>\n\t\t\t\t<\/div>\n\t\t<div class=\"elementor-element elementor-element-25d1ff6 e-flex e-con-boxed e-con e-parent\" data-id=\"25d1ff6\" data-element_type=\"container\" data-e-type=\"container\">\n\t\t\t\t\t<div class=\"e-con-inner\">\n\t\t\t\t<div class=\"elementor-element elementor-element-48a2cc3 elementor-widget elementor-widget-heading\" data-id=\"48a2cc3\" data-element_type=\"widget\" data-e-type=\"widget\" data-widget_type=\"heading.default\">\n\t\t\t\t<div class=\"elementor-widget-container\">\n\t\t\t\t\t<h2 class=\"elementor-heading-title elementor-size-default\">Entdecken Sie unsere Dienstleistungen im Bereich Haushalt, Reinigung, Pflege in Thionville und Luxemburg.<\/h2>\t\t\t\t<\/div>\n\t\t\t\t<\/div>\n\t\t\t\t<div class=\"elementor-element elementor-element-3bc1606 elementor-widget elementor-widget-text-editor\" data-id=\"3bc1606\" data-element_type=\"widget\" data-e-type=\"widget\" data-widget_type=\"text-editor.default\">\n\t\t\t\t<div class=\"elementor-widget-container\">\n\t\t\t\t\t\t\t\t\t<p><strong>Haushalt, Reinigung, Pflege in Thionville und Luxemburg<\/strong><\/p>\t\t\t\t\t\t\t\t<\/div>\n\t\t\t\t<\/div>\n\t\t<div class=\"elementor-element elementor-element-5edd6c6 e-con-full e-flex e-con e-child\" data-id=\"5edd6c6\" data-element_type=\"container\" data-e-type=\"container\">\n\t\t<div class=\"elementor-element elementor-element-7df3bc0 e-con-full e-flex elementor-invisible e-con e-child\" data-id=\"7df3bc0\" data-element_type=\"container\" data-e-type=\"container\" data-settings=\"{&quot;background_background&quot;:&quot;classic&quot;,&quot;animation&quot;:&quot;fadeInUp&quot;,&quot;animation_delay&quot;:600}\">\n\t\t<div class=\"elementor-element elementor-element-ca9d35d e-con-full e-flex e-con e-child\" data-id=\"ca9d35d\" data-element_type=\"container\" data-e-type=\"container\">\n\t\t\t\t<div class=\"elementor-element elementor-element-527685c elementor-widget elementor-widget-heading\" data-id=\"527685c\" data-element_type=\"widget\" data-e-type=\"widget\" data-widget_type=\"heading.default\">\n\t\t\t\t<div class=\"elementor-widget-container\">\n\t\t\t\t\t<h3 class=\"elementor-heading-title elementor-size-default\">F\u00fcr Privatpersonen<\/h3>\t\t\t\t<\/div>\n\t\t\t\t<\/div>\n\t\t\t\t<div class=\"elementor-element elementor-element-2d31116 elementor-widget elementor-widget-text-editor\" data-id=\"2d31116\" data-element_type=\"widget\" data-e-type=\"widget\" data-widget_type=\"text-editor.default\">\n\t\t\t\t<div class=\"elementor-widget-container\">\n\t\t\t\t\t\t\t\t\t<p>Unsere pers\u00f6nlichen Dienstleistungen in Frankreich sind f\u00fcr eine Steuergutschrift von 50 % berechtigt. Informieren Sie sich \u00fcber unsere <a title=\"Finanzielle Unterst\u00fctzung f\u00fcr unsere Leistungen\" href=\"https:\/\/www.eclatdemoselle.fr\/de\/hilfen\/\">finanziellen Hilfen<\/a>.<\/p>\t\t\t\t\t\t\t\t<\/div>\n\t\t\t\t<\/div>\n\t\t\t\t<div class=\"elementor-element elementor-element-8c30f1e elementor-widget elementor-widget-text-editor\" data-id=\"8c30f1e\" data-element_type=\"widget\" data-e-type=\"widget\" data-widget_type=\"text-editor.default\">\n\t\t\t\t<div class=\"elementor-widget-container\">\n\t\t\t\t\t\t\t\t\t<p><strong>Unsere Leistungen<\/strong><\/p><ul><li>Haushalt<\/li><li>B\u00fcgeln<\/li><li>Fensterputzen<\/li><li>Gartenarbeit<\/li><li>Gro\u00dfe Reinigung<\/li><li>Hausmeisterservice f\u00fcr Ferienh\u00e4user<\/li><\/ul>\t\t\t\t\t\t\t\t<\/div>\n\t\t\t\t<\/div>\n\t\t\t\t<div class=\"elementor-element elementor-element-f11b615 elementor-button-info elementor-align-left elementor-mobile-align-justify elementor-widget-mobile__width-inherit elementor-widget elementor-widget-button\" data-id=\"f11b615\" data-element_type=\"widget\" data-e-type=\"widget\" data-widget_type=\"button.default\">\n\t\t\t\t<div class=\"elementor-widget-container\">\n\t\t\t\t\t\t\t\t\t<div class=\"elementor-button-wrapper\">\n\t\t\t\t\t<a class=\"elementor-button elementor-button-link elementor-size-sm\" href=\"https:\/\/www.eclatdemoselle.fr\/de\/privatpersonen\/\">\n\t\t\t\t\t\t<span class=\"elementor-button-content-wrapper\">\n\t\t\t\t\t\t\t\t\t<span class=\"elementor-button-text\">Unsere Dienstleistungen f\u00fcr Privatpersonen<\/span>\n\t\t\t\t\t<\/span>\n\t\t\t\t\t<\/a>\n\t\t\t\t<\/div>\n\t\t\t\t\t\t\t\t<\/div>\n\t\t\t\t<\/div>\n\t\t\t\t<\/div>\n\t\t\t\t<div class=\"elementor-element elementor-element-87f9d24 elementor-widget elementor-widget-image\" data-id=\"87f9d24\" data-element_type=\"widget\" data-e-type=\"widget\" data-widget_type=\"image.default\">\n\t\t\t\t<div class=\"elementor-widget-container\">\n\t\t\t\t\t\t\t\t\t\t\t\t\t\t\t<img fetchpriority=\"high\" decoding=\"async\" width=\"768\" height=\"511\" src=\"https:\/\/www.eclatdemoselle.fr\/wp-content\/uploads\/2025\/01\/medium-shot-woman-cleaning-home-768x511.jpg\" class=\"attachment-medium_large size-medium_large wp-image-1762\" alt=\"Nettoyage, m\u00e9nage, entretien autour de Thionville et au Luxembourg\" srcset=\"https:\/\/www.eclatdemoselle.fr\/wp-content\/uploads\/2025\/01\/medium-shot-woman-cleaning-home-768x511.jpg 768w, https:\/\/www.eclatdemoselle.fr\/wp-content\/uploads\/2025\/01\/medium-shot-woman-cleaning-home-300x200.jpg 300w, https:\/\/www.eclatdemoselle.fr\/wp-content\/uploads\/2025\/01\/medium-shot-woman-cleaning-home-1024x681.jpg 1024w, https:\/\/www.eclatdemoselle.fr\/wp-content\/uploads\/2025\/01\/medium-shot-woman-cleaning-home-1536x1022.jpg 1536w, https:\/\/www.eclatdemoselle.fr\/wp-content\/uploads\/2025\/01\/medium-shot-woman-cleaning-home-2048x1362.jpg 2048w\" sizes=\"(max-width: 768px) 100vw, 768px\" \/>\t\t\t\t\t\t\t\t\t\t\t\t\t\t\t<\/div>\n\t\t\t\t<\/div>\n\t\t\t\t<\/div>\n\t\t<div class=\"elementor-element elementor-element-900f3f3 e-con-full e-flex elementor-invisible e-con e-child\" data-id=\"900f3f3\" data-element_type=\"container\" data-e-type=\"container\" data-settings=\"{&quot;background_background&quot;:&quot;classic&quot;,&quot;animation&quot;:&quot;fadeInUp&quot;,&quot;animation_delay&quot;:0}\">\n\t\t\t\t<div class=\"elementor-element elementor-element-8ac5133 elementor-widget elementor-widget-image\" data-id=\"8ac5133\" data-element_type=\"widget\" data-e-type=\"widget\" data-settings=\"{&quot;_animation&quot;:&quot;none&quot;}\" data-widget_type=\"image.default\">\n\t\t\t\t<div class=\"elementor-widget-container\">\n\t\t\t\t\t\t\t\t\t\t\t\t\t\t\t<img decoding=\"async\" width=\"768\" height=\"512\" src=\"https:\/\/www.eclatdemoselle.fr\/wp-content\/uploads\/2024\/12\/professional-cleaning-service-person-using-vacuum-cleaner-office-768x512.jpg\" class=\"attachment-medium_large size-medium_large wp-image-1760\" alt=\"\" srcset=\"https:\/\/www.eclatdemoselle.fr\/wp-content\/uploads\/2024\/12\/professional-cleaning-service-person-using-vacuum-cleaner-office-768x512.jpg 768w, https:\/\/www.eclatdemoselle.fr\/wp-content\/uploads\/2024\/12\/professional-cleaning-service-person-using-vacuum-cleaner-office-300x200.jpg 300w, https:\/\/www.eclatdemoselle.fr\/wp-content\/uploads\/2024\/12\/professional-cleaning-service-person-using-vacuum-cleaner-office-1024x682.jpg 1024w, https:\/\/www.eclatdemoselle.fr\/wp-content\/uploads\/2024\/12\/professional-cleaning-service-person-using-vacuum-cleaner-office-1536x1024.jpg 1536w, https:\/\/www.eclatdemoselle.fr\/wp-content\/uploads\/2024\/12\/professional-cleaning-service-person-using-vacuum-cleaner-office.jpg 2000w\" sizes=\"(max-width: 768px) 100vw, 768px\" \/>\t\t\t\t\t\t\t\t\t\t\t\t\t\t\t<\/div>\n\t\t\t\t<\/div>\n\t\t<div class=\"elementor-element elementor-element-a6443d7 e-con-full e-flex e-con e-child\" data-id=\"a6443d7\" data-element_type=\"container\" data-e-type=\"container\">\n\t\t\t\t<div class=\"elementor-element elementor-element-76ec5cb elementor-widget elementor-widget-heading\" data-id=\"76ec5cb\" data-element_type=\"widget\" data-e-type=\"widget\" data-widget_type=\"heading.default\">\n\t\t\t\t<div class=\"elementor-widget-container\">\n\t\t\t\t\t<h3 class=\"elementor-heading-title elementor-size-default\">F\u00fcr Berufst\u00e4tige<\/h3>\t\t\t\t<\/div>\n\t\t\t\t<\/div>\n\t\t\t\t<div class=\"elementor-element elementor-element-00009ba elementor-widget elementor-widget-text-editor\" data-id=\"00009ba\" data-element_type=\"widget\" data-e-type=\"widget\" data-widget_type=\"text-editor.default\">\n\t\t\t\t<div class=\"elementor-widget-container\">\n\t\t\t\t\t\t\t\t\t<p>Unsere ma\u00dfgeschneiderten Leistungen passen sich an Ihre Bed\u00fcrfnisse und Einschr\u00e4nkungen an.<\/p>\t\t\t\t\t\t\t\t<\/div>\n\t\t\t\t<\/div>\n\t\t\t\t<div class=\"elementor-element elementor-element-de7e415 elementor-widget elementor-widget-text-editor\" data-id=\"de7e415\" data-element_type=\"widget\" data-e-type=\"widget\" data-widget_type=\"text-editor.default\">\n\t\t\t\t<div class=\"elementor-widget-container\">\n\t\t\t\t\t\t\t\t\t<p><strong>Unsere Leistungen:<\/strong><\/p><ul><li>Pflege der Innenr\u00e4ume<\/li><li>Pflege der Au\u00dfenanlagen<\/li><li>Gro\u00dfe Reinigung<\/li><li>Hausmeisterservice f\u00fcr Ferienh\u00e4user<\/li><\/ul>\t\t\t\t\t\t\t\t<\/div>\n\t\t\t\t<\/div>\n\t\t\t\t<div class=\"elementor-element elementor-element-154360d elementor-button-info elementor-align-left elementor-mobile-align-justify elementor-widget-mobile__width-inherit elementor-widget elementor-widget-button\" data-id=\"154360d\" data-element_type=\"widget\" data-e-type=\"widget\" data-widget_type=\"button.default\">\n\t\t\t\t<div class=\"elementor-widget-container\">\n\t\t\t\t\t\t\t\t\t<div class=\"elementor-button-wrapper\">\n\t\t\t\t\t<a class=\"elementor-button elementor-button-link elementor-size-sm\" href=\"https:\/\/www.eclatdemoselle.fr\/de\/fachleute\/\">\n\t\t\t\t\t\t<span class=\"elementor-button-content-wrapper\">\n\t\t\t\t\t\t\t\t\t<span class=\"elementor-button-text\">Unsere Dienstleistungen f\u00fcr Berufst\u00e4tige<\/span>\n\t\t\t\t\t<\/span>\n\t\t\t\t\t<\/a>\n\t\t\t\t<\/div>\n\t\t\t\t\t\t\t\t<\/div>\n\t\t\t\t<\/div>\n\t\t\t\t<\/div>\n\t\t\t\t<\/div>\n\t\t<div class=\"elementor-element elementor-element-366ae0b e-con-full e-flex elementor-invisible e-con e-child\" data-id=\"366ae0b\" data-element_type=\"container\" data-e-type=\"container\" data-settings=\"{&quot;background_background&quot;:&quot;classic&quot;,&quot;animation&quot;:&quot;fadeInUp&quot;}\">\n\t\t<div class=\"elementor-element elementor-element-3b24c15 e-con-full e-flex e-con e-child\" data-id=\"3b24c15\" data-element_type=\"container\" data-e-type=\"container\">\n\t\t\t\t<div class=\"elementor-element elementor-element-69f278c elementor-widget elementor-widget-heading\" data-id=\"69f278c\" data-element_type=\"widget\" data-e-type=\"widget\" data-widget_type=\"heading.default\">\n\t\t\t\t<div class=\"elementor-widget-container\">\n\t\t\t\t\t<h3 class=\"elementor-heading-title elementor-size-default\">F\u00fcr K\u00f6rperschaften<\/h3>\t\t\t\t<\/div>\n\t\t\t\t<\/div>\n\t\t\t\t<div class=\"elementor-element elementor-element-f577fd4 elementor-widget elementor-widget-text-editor\" data-id=\"f577fd4\" data-element_type=\"widget\" data-e-type=\"widget\" data-widget_type=\"text-editor.default\">\n\t\t\t\t<div class=\"elementor-widget-container\">\n\t\t\t\t\t\t\t\t\t<p>Unsere Dienstleistungen erf\u00fcllen die strengsten Sicherheits- und Hygienestandards.<\/p>\t\t\t\t\t\t\t\t<\/div>\n\t\t\t\t<\/div>\n\t\t\t\t<div class=\"elementor-element elementor-element-9160381 elementor-widget elementor-widget-text-editor\" data-id=\"9160381\" data-element_type=\"widget\" data-e-type=\"widget\" data-widget_type=\"text-editor.default\">\n\t\t\t\t<div class=\"elementor-widget-container\">\n\t\t\t\t\t\t\t\t\t<p><strong>Unsere Leistungen:<\/strong><\/p><ul><li>Instandhaltung von \u00f6ffentlichen Geb\u00e4uden<\/li><li>Pflege \u00f6ffentlicher R\u00e4ume<\/li><\/ul>\t\t\t\t\t\t\t\t<\/div>\n\t\t\t\t<\/div>\n\t\t\t\t<div class=\"elementor-element elementor-element-9bf84fb elementor-button-info elementor-align-left elementor-mobile-align-justify elementor-widget-mobile__width-inherit elementor-widget elementor-widget-button\" data-id=\"9bf84fb\" data-element_type=\"widget\" data-e-type=\"widget\" data-widget_type=\"button.default\">\n\t\t\t\t<div class=\"elementor-widget-container\">\n\t\t\t\t\t\t\t\t\t<div class=\"elementor-button-wrapper\">\n\t\t\t\t\t<a class=\"elementor-button elementor-button-link elementor-size-sm\" href=\"https:\/\/www.eclatdemoselle.fr\/de\/koerperschaften\/\">\n\t\t\t\t\t\t<span class=\"elementor-button-content-wrapper\">\n\t\t\t\t\t\t\t\t\t<span class=\"elementor-button-text\">Unsere Dienstleistungen f\u00fcr Gemeinden<\/span>\n\t\t\t\t\t<\/span>\n\t\t\t\t\t<\/a>\n\t\t\t\t<\/div>\n\t\t\t\t\t\t\t\t<\/div>\n\t\t\t\t<\/div>\n\t\t\t\t<\/div>\n\t\t\t\t<div class=\"elementor-element elementor-element-1d6cb0f elementor-widget elementor-widget-image\" data-id=\"1d6cb0f\" data-element_type=\"widget\" data-e-type=\"widget\" data-widget_type=\"image.default\">\n\t\t\t\t<div class=\"elementor-widget-container\">\n\t\t\t\t\t\t\t\t\t\t\t\t\t\t\t<img decoding=\"async\" width=\"768\" height=\"513\" src=\"https:\/\/www.eclatdemoselle.fr\/wp-content\/uploads\/2024\/12\/people-doing-community-service-by-collecting-trash-nature-768x513.jpg\" class=\"attachment-medium_large size-medium_large wp-image-1761\" alt=\"\" srcset=\"https:\/\/www.eclatdemoselle.fr\/wp-content\/uploads\/2024\/12\/people-doing-community-service-by-collecting-trash-nature-768x513.jpg 768w, https:\/\/www.eclatdemoselle.fr\/wp-content\/uploads\/2024\/12\/people-doing-community-service-by-collecting-trash-nature-300x200.jpg 300w, https:\/\/www.eclatdemoselle.fr\/wp-content\/uploads\/2024\/12\/people-doing-community-service-by-collecting-trash-nature-1024x683.jpg 1024w, https:\/\/www.eclatdemoselle.fr\/wp-content\/uploads\/2024\/12\/people-doing-community-service-by-collecting-trash-nature-1536x1025.jpg 1536w\" sizes=\"(max-width: 768px) 100vw, 768px\" \/>\t\t\t\t\t\t\t\t\t\t\t\t\t\t\t<\/div>\n\t\t\t\t<\/div>\n\t\t\t\t<\/div>\n\t\t\t\t<\/div>\n\t\t\t\t\t<\/div>\n\t\t\t\t<\/div>\n\t\t<div class=\"elementor-element elementor-element-09b221a e-flex e-con-boxed elementor-invisible e-con e-parent\" data-id=\"09b221a\" data-element_type=\"container\" data-e-type=\"container\" data-settings=\"{&quot;background_background&quot;:&quot;gradient&quot;,&quot;animation&quot;:&quot;fadeIn&quot;}\">\n\t\t\t\t\t<div class=\"e-con-inner\">\n\t\t\t\t<div class=\"elementor-element elementor-element-e555d6f elementor-widget elementor-widget-heading\" data-id=\"e555d6f\" data-element_type=\"widget\" data-e-type=\"widget\" data-widget_type=\"heading.default\">\n\t\t\t\t<div class=\"elementor-widget-container\">\n\t\t\t\t\t<h2 class=\"elementor-heading-title elementor-size-default\">Garantien und Verpflichtungen: Haushalt, Reinigung, Pflege in Thionville und Luxemburg<\/h2>\t\t\t\t<\/div>\n\t\t\t\t<\/div>\n\t\t<div class=\"elementor-element elementor-element-8abb7c7 e-grid e-con-full e-con e-child\" data-id=\"8abb7c7\" data-element_type=\"container\" data-e-type=\"container\">\n\t\t\t\t<div class=\"elementor-element elementor-element-343753d elementor-view-framed elementor-shape-circle elementor-position-block-start elementor-mobile-position-block-start elementor-invisible elementor-widget elementor-widget-icon-box\" data-id=\"343753d\" data-element_type=\"widget\" data-e-type=\"widget\" data-settings=\"{&quot;_animation&quot;:&quot;fadeInLeft&quot;,&quot;_animation_delay&quot;:300}\" data-widget_type=\"icon-box.default\">\n\t\t\t\t<div class=\"elementor-widget-container\">\n\t\t\t\t\t\t\t<div class=\"elementor-icon-box-wrapper\">\n\n\t\t\t\t\t\t<div class=\"elementor-icon-box-icon\">\n\t\t\t\t<span  class=\"elementor-icon\">\n\t\t\t\t<i aria-hidden=\"true\" class=\"icon icon-diamond\"><\/i>\t\t\t\t<\/span>\n\t\t\t<\/div>\n\t\t\t\n\t\t\t\t\t\t<div class=\"elementor-icon-box-content\">\n\n\t\t\t\t\t\t\t\t\t<h3 class=\"elementor-icon-box-title\">\n\t\t\t\t\t\t<span  >\n\t\t\t\t\t\t\tQualifiziertes und vertrauensw\u00fcrdiges Personal\t\t\t\t\t\t<\/span>\n\t\t\t\t\t<\/h3>\n\t\t\t\t\n\t\t\t\t\t\t\t\t\t<p class=\"elementor-icon-box-description\">\n\t\t\t\t\t\tUnser Team besteht aus qualifizierten Fachleuten, die aufgrund ihres Fachwissens und ihrer Zuverl\u00e4ssigkeit sorgf\u00e4ltig ausgew\u00e4hlt wurden. Wir verpflichten uns, unser Personal regelm\u00e4\u00dfig zu schulen und legen gro\u00dfen Wert darauf, dass unsere Mitarbeiter sich entfalten k\u00f6nnen. \t\t\t\t\t<\/p>\n\t\t\t\t\n\t\t\t<\/div>\n\t\t\t\n\t\t<\/div>\n\t\t\t\t\t\t<\/div>\n\t\t\t\t<\/div>\n\t\t\t\t<div class=\"elementor-element elementor-element-ba9dd20 elementor-view-framed elementor-shape-circle elementor-position-block-start elementor-mobile-position-block-start elementor-invisible elementor-widget elementor-widget-icon-box\" data-id=\"ba9dd20\" data-element_type=\"widget\" data-e-type=\"widget\" data-settings=\"{&quot;_animation&quot;:&quot;fadeInUp&quot;,&quot;_animation_delay&quot;:400}\" data-widget_type=\"icon-box.default\">\n\t\t\t\t<div class=\"elementor-widget-container\">\n\t\t\t\t\t\t\t<div class=\"elementor-icon-box-wrapper\">\n\n\t\t\t\t\t\t<div class=\"elementor-icon-box-icon\">\n\t\t\t\t<span  class=\"elementor-icon\">\n\t\t\t\t<i aria-hidden=\"true\" class=\"icon icon-megaphone\"><\/i>\t\t\t\t<\/span>\n\t\t\t<\/div>\n\t\t\t\n\t\t\t\t\t\t<div class=\"elementor-icon-box-content\">\n\n\t\t\t\t\t\t\t\t\t<h3 class=\"elementor-icon-box-title\">\n\t\t\t\t\t\t<span  >\n\t\t\t\t\t\t\tEin qualitativ hochwertiger Service\t\t\t\t\t\t<\/span>\n\t\t\t\t\t<\/h3>\n\t\t\t\t\n\t\t\t\t\t\t\t\t\t<p class=\"elementor-icon-box-description\">\n\t\t\t\t\t\tWir verpflichten uns, einen erstklassigen Service zu bieten und stellen sicher, dass jede unserer Leistungen Ihren Erwartungen entspricht. Ihre Zufriedenheit ist unsere Priorit\u00e4t.   \t\t\t\t\t<\/p>\n\t\t\t\t\n\t\t\t<\/div>\n\t\t\t\n\t\t<\/div>\n\t\t\t\t\t\t<\/div>\n\t\t\t\t<\/div>\n\t\t\t\t<div class=\"elementor-element elementor-element-3474057 elementor-view-framed elementor-shape-circle elementor-position-block-start elementor-mobile-position-block-start elementor-invisible elementor-widget elementor-widget-icon-box\" data-id=\"3474057\" data-element_type=\"widget\" data-e-type=\"widget\" data-settings=\"{&quot;_animation&quot;:&quot;fadeInRight&quot;,&quot;_animation_delay&quot;:500}\" data-widget_type=\"icon-box.default\">\n\t\t\t\t<div class=\"elementor-widget-container\">\n\t\t\t\t\t\t\t<div class=\"elementor-icon-box-wrapper\">\n\n\t\t\t\t\t\t<div class=\"elementor-icon-box-icon\">\n\t\t\t\t<span  class=\"elementor-icon\">\n\t\t\t\t<svg aria-hidden=\"true\" class=\"e-font-icon-svg e-far-smile\" viewBox=\"0 0 496 512\" xmlns=\"http:\/\/www.w3.org\/2000\/svg\"><path d=\"M248 8C111 8 0 119 0 256s111 248 248 248 248-111 248-248S385 8 248 8zm0 448c-110.3 0-200-89.7-200-200S137.7 56 248 56s200 89.7 200 200-89.7 200-200 200zm-80-216c17.7 0 32-14.3 32-32s-14.3-32-32-32-32 14.3-32 32 14.3 32 32 32zm160 0c17.7 0 32-14.3 32-32s-14.3-32-32-32-32 14.3-32 32 14.3 32 32 32zm4 72.6c-20.8 25-51.5 39.4-84 39.4s-63.2-14.3-84-39.4c-8.5-10.2-23.7-11.5-33.8-3.1-10.2 8.5-11.5 23.6-3.1 33.8 30 36 74.1 56.6 120.9 56.6s90.9-20.6 120.9-56.6c8.5-10.2 7.1-25.3-3.1-33.8-10.1-8.4-25.3-7.1-33.8 3.1z\"><\/path><\/svg>\t\t\t\t<\/span>\n\t\t\t<\/div>\n\t\t\t\n\t\t\t\t\t\t<div class=\"elementor-icon-box-content\">\n\n\t\t\t\t\t\t\t\t\t<h3 class=\"elementor-icon-box-title\">\n\t\t\t\t\t\t<span  >\n\t\t\t\t\t\t\tSt\u00e4ndige \u00dcberwachung und Zuh\u00f6ren\t\t\t\t\t\t<\/span>\n\t\t\t\t\t<\/h3>\n\t\t\t\t\n\t\t\t\t\t\t\t\t\t<p class=\"elementor-icon-box-description\">\n\t\t\t\t\t\tDie st\u00e4ndige \u00dcberwachung und das aktive Zuh\u00f6ren unserer Kunden sind Teil unserer DNA. Ihr Feedback ist uns wichtig und wir passen unsere Dienstleistungen entsprechend an, um eine kontinuierliche Zufriedenheit zu gew\u00e4hrleisten. \t\t\t\t\t<\/p>\n\t\t\t\t\n\t\t\t<\/div>\n\t\t\t\n\t\t<\/div>\n\t\t\t\t\t\t<\/div>\n\t\t\t\t<\/div>\n\t\t\t\t<\/div>\n\t\t\t\t\t<\/div>\n\t\t\t\t<\/div>\n\t\t\t\t<\/div>\n\t\t","protected":false},"excerpt":{"rendered":"<p>Eclat de Moselle: der Glanz, der den Unterschied macht Haushalt, Reinigung, Pflege in Thionville und Luxemburg: Eclat de Moselle bietet Privatpersonen, Gewerbetreibenden und K\u00f6rperschaften Dienstleistungen an, die auf ihre spezifischen Bed\u00fcrfnisse zugeschnitten sind. Kontaktieren Sie uns Entdecken Sie unsere Dienstleistungen im Bereich Haushalt, Reinigung, Pflege in Thionville und Luxemburg. Haushalt, Reinigung, Pflege in Thionville und [&hellip;]<\/p>\n","protected":false},"author":2,"featured_media":0,"parent":0,"menu_order":0,"comment_status":"closed","ping_status":"closed","template":"","meta":{"footnotes":""},"class_list":["post-785","page","type-page","status-publish","hentry"],"aioseo_notices":[],"_links":{"self":[{"href":"https:\/\/www.eclatdemoselle.fr\/de\/wp-json\/wp\/v2\/pages\/785","targetHints":{"allow":["GET"]}}],"collection":[{"href":"https:\/\/www.eclatdemoselle.fr\/de\/wp-json\/wp\/v2\/pages"}],"about":[{"href":"https:\/\/www.eclatdemoselle.fr\/de\/wp-json\/wp\/v2\/types\/page"}],"author":[{"embeddable":true,"href":"https:\/\/www.eclatdemoselle.fr\/de\/wp-json\/wp\/v2\/users\/2"}],"replies":[{"embeddable":true,"href":"https:\/\/www.eclatdemoselle.fr\/de\/wp-json\/wp\/v2\/comments?post=785"}],"version-history":[{"count":6,"href":"https:\/\/www.eclatdemoselle.fr\/de\/wp-json\/wp\/v2\/pages\/785\/revisions"}],"predecessor-version":[{"id":2351,"href":"https:\/\/www.eclatdemoselle.fr\/de\/wp-json\/wp\/v2\/pages\/785\/revisions\/2351"}],"wp:attachment":[{"href":"https:\/\/www.eclatdemoselle.fr\/de\/wp-json\/wp\/v2\/media?parent=785"}],"curies":[{"name":"wp","href":"https:\/\/api.w.org\/{rel}","templated":true}]}}