{"id":799,"date":"2024-12-05T11:24:53","date_gmt":"2024-12-05T11:24:53","guid":{"rendered":"https:\/\/www.eclatdemoselle.fr\/hilfen\/"},"modified":"2025-01-27T10:22:09","modified_gmt":"2025-01-27T10:22:09","slug":"hilfen","status":"publish","type":"page","link":"https:\/\/www.eclatdemoselle.fr\/de\/hilfen\/","title":{"rendered":"Finanzielle Unterst\u00fctzung f\u00fcr unsere Leistungen"},"content":{"rendered":"\t\t<div data-elementor-type=\"wp-page\" data-elementor-id=\"799\" class=\"elementor elementor-799 elementor-58\" data-elementor-post-type=\"page\">\n\t\t\t\t<div class=\"elementor-element elementor-element-04a2478 e-flex e-con-boxed e-con e-parent\" data-id=\"04a2478\" data-element_type=\"container\" data-e-type=\"container\" data-settings=\"{&quot;background_background&quot;:&quot;classic&quot;}\">\n\t\t\t\t\t<div class=\"e-con-inner\">\n\t\t\t\t\t<\/div>\n\t\t\t\t<\/div>\n\t\t<div class=\"elementor-element elementor-element-b32b48a e-flex e-con-boxed e-con e-parent\" data-id=\"b32b48a\" data-element_type=\"container\" data-e-type=\"container\">\n\t\t\t\t\t<div class=\"e-con-inner\">\n\t\t\t\t<div class=\"elementor-element elementor-element-19b9bc4 elementor-invisible elementor-widget elementor-widget-heading\" data-id=\"19b9bc4\" data-element_type=\"widget\" data-e-type=\"widget\" data-settings=\"{&quot;_animation&quot;:&quot;fadeIn&quot;}\" data-widget_type=\"heading.default\">\n\t\t\t\t<div class=\"elementor-widget-container\">\n\t\t\t\t\t<h2 class=\"elementor-heading-title elementor-size-default\">Finanzielle Hilfen<\/h2>\t\t\t\t<\/div>\n\t\t\t\t<\/div>\n\t\t\t\t<div class=\"elementor-element elementor-element-60a53bd elementor-widget elementor-widget-text-editor\" data-id=\"60a53bd\" data-element_type=\"widget\" data-e-type=\"widget\" data-widget_type=\"text-editor.default\">\n\t\t\t\t<div class=\"elementor-widget-container\">\n\t\t\t\t\t\t\t\t\t<p>Finanzielle Unterst\u00fctzung f\u00fcr Einzelpersonen<\/p>\n\t\t\t\t\t\t\t\t<\/div>\n\t\t\t\t<\/div>\n\t\t<div class=\"elementor-element elementor-element-50c6ac9 e-con-full e-flex e-con e-child\" data-id=\"50c6ac9\" data-element_type=\"container\" data-e-type=\"container\">\n\t\t<div class=\"elementor-element elementor-element-9fabc50 e-con-full e-flex e-con e-child\" data-id=\"9fabc50\" data-element_type=\"container\" data-e-type=\"container\">\n\t\t\t\t<div class=\"elementor-element elementor-element-45c70a6 elementor-widget__width-initial elementor-widget-tablet__width-inherit elementor-invisible elementor-widget elementor-widget-text-editor\" data-id=\"45c70a6\" data-element_type=\"widget\" data-e-type=\"widget\" data-settings=\"{&quot;_animation&quot;:&quot;fadeInUp&quot;,&quot;_animation_delay&quot;:300}\" data-widget_type=\"text-editor.default\">\n\t\t\t\t<div class=\"elementor-widget-container\">\n\t\t\t\t\t\t\t\t\t<p><strong>Steuergutschrift :<\/strong><\/p>\n<p>Unser Unternehmen <strong>Eclat de Moselle<\/strong> hat von der <strong>Pr\u00e4fektur Moselle<\/strong> die offizielle Zulassung erhalten, um personenbezogene Dienstleistungen anzubieten, einschlie\u00dflich der Pflege des Hauses und der Haushaltsarbeiten.<\/p>\n<p>Dank dieser Zulassung sind wir in der Lage, unseren Kunden finanzielle Unterst\u00fctzung in Form von <strong>Steuergutschriften<\/strong> anzubieten.<\/p>\n<p>Das bedeutet, dass Sie durch die Inanspruchnahme unserer Dienstleistungen eine Steuererm\u00e4\u00dfigung erhalten k\u00f6nnen, was unser Angebot noch zug\u00e4nglicher und vorteilhafter macht.<\/p>\n<p>Eines der Hauptmerkmale dieser Steuergutschrift ist, dass sie eine <strong>sofortige Vorauszahlung<\/strong> erm\u00f6glicht. Die Vorauszahlung der Steuergutschrift wird bereits im Januar, zu Beginn des Jahres, ausgezahlt. Dieser Mechanismus erm\u00f6glicht es unseren Kunden, nicht auf die Steuererkl\u00e4rung warten zu m\u00fcssen, um von dem finanziellen Vorteil zu profitieren. Dies vereinfacht den Prozess erheblich und erm\u00f6glicht es Ihnen, sofort von einem Preisnachlass auf unsere Leistungen zu profitieren.<\/p>\n<p>Um die Vorteile zu nutzen, laden Sie einfach die erforderlichen <a href=\"https:\/\/www.impots.gouv.fr\/formulaire\/2042\/declaration-des-revenus\" target=\"_blank\" rel=\"nofollow noopener\">PDF-Formulare<\/a> direkt von unserer Website herunter. Wenn Sie diese Formulare ausgef\u00fcllt und abgeschickt haben, k\u00f6nnen Sie damit Ihren Antrag auf Steuergutschrift formalisieren, um diese finanzielle Unterst\u00fctzung zu erhalten.<\/p>\n<p>Es gibt keine besonderen Bedingungen, die erf\u00fcllt werden m\u00fcssen, um die finanzielle Unterst\u00fctzung zu erhalten, au\u00dfer nat\u00fcrlich, dass Sie sich an unser zugelassenes Unternehmen wenden.<\/p>\n<p>Mit <strong>Eclat de Moselle<\/strong> verpflichten wir uns, Ihre personenbezogenen Dienstleistungen nicht nur qualitativ hochwertig, sondern auch durch einfache und direkte Steuervorteile zug\u00e4nglich zu machen.<\/p>\n<p>So k\u00f6nnen Sie Ihr Budget entlasten und gleichzeitig von professionellen und zuverl\u00e4ssigen Dienstleistungen f\u00fcr die Instandhaltung Ihres Hauses profitieren.<\/p>\n<p>Die Vorauszahlung der Steuergutschrift wird zu Beginn des Jahres im Januar ausgezahlt.<\/p>\n<p>Es gibt keine Kriterien f\u00fcr die Inanspruchnahme, da unser Unternehmen bereits zugelassen ist.<\/p>\n\t\t\t\t\t\t\t\t<\/div>\n\t\t\t\t<\/div>\n\t\t\t\t<div class=\"elementor-element elementor-element-89d7da3 elementor-widget__width-initial elementor-widget-tablet__width-inherit elementor-invisible elementor-widget elementor-widget-text-editor\" data-id=\"89d7da3\" data-element_type=\"widget\" data-e-type=\"widget\" data-settings=\"{&quot;_animation&quot;:&quot;fadeInUp&quot;,&quot;_animation_delay&quot;:300}\" data-widget_type=\"text-editor.default\">\n\t\t\t\t<div class=\"elementor-widget-container\">\n\t\t\t\t\t\t\t\t\t<p><u><strong>Sofortiger Vorsto\u00df :<\/strong><\/u><\/p>\n<p>Die sofortige Vorauszahlung der Steuergutschrift ist ein optionaler und kostenloser Service, der von der Urssaf angeboten wird. Der Betrag der Steuergutschrift von 50 %, auf den eine Privatperson Anspruch hat, wenn sie einen Arbeitnehmer oder eine Person in ihrem Haushalt f\u00fcr personenbezogene Dienstleistungen einsetzt, wird automatisch von den Kosten f\u00fcr die Besch\u00e4ftigung oder die Dienstleistung abgezogen. <\/p>\n<p>Das bedeutet, dass Sie keine Vorauszahlungen mehr leisten m\u00fcssen. Sie erhalten Ihre Steuergutschrift zum Zeitpunkt der Ausgabe, ohne auf das n\u00e4chste Jahr warten zu m\u00fcssen! <\/p>\n\t\t\t\t\t\t\t\t<\/div>\n\t\t\t\t<\/div>\n\t\t\t\t<div class=\"elementor-element elementor-element-7d741c3 elementor-widget__width-initial elementor-widget-tablet__width-inherit elementor-invisible elementor-widget elementor-widget-text-editor\" data-id=\"7d741c3\" data-element_type=\"widget\" data-e-type=\"widget\" data-settings=\"{&quot;_animation&quot;:&quot;fadeInUp&quot;,&quot;_animation_delay&quot;:300}\" data-widget_type=\"text-editor.default\">\n\t\t\t\t<div class=\"elementor-widget-container\">\n\t\t\t\t\t\t\t\t\t<p>Mit dem Sofortvorschuss-Service :<\/p>\n<ul style=\"font-size: 16px; background-color: #ffffff;\">\n<li style=\"font-size: 16px;\">Sie erhalten Ihre Steuergutschrift sofort und ohne Vorauszahlung;<\/li>\n<li style=\"font-size: 16px;\">Die Verwaltung Ihres Budgets wird erleichtert;<\/li>\n<li style=\"font-size: 16px;\">Sie k\u00f6nnen den Verbrauch Ihrer Steuergutschrift in Echtzeit auf <a title=\"Cesu Ussaf\" href=\"http:\/\/cesu.urssaf.fr\/\" target=\"_blank\" rel=\"nofollow noopener\">cesu.urssaf.fr<\/a> oder <a title=\"Privatpersonen urssaf\" href=\"http:\/\/particulier.urssaf.fr\/\" target=\"_blank\" rel=\"nofollow noopener\">particulier.urssaf.fr<\/a> einsehen.<\/li>\n<\/ul>\n\t\t\t\t\t\t\t\t<\/div>\n\t\t\t\t<\/div>\n\t\t\t\t<div class=\"elementor-element elementor-element-72785b3 elementor-widget__width-initial elementor-widget-tablet__width-inherit elementor-invisible elementor-widget elementor-widget-text-editor\" data-id=\"72785b3\" data-element_type=\"widget\" data-e-type=\"widget\" data-settings=\"{&quot;_animation&quot;:&quot;fadeInUp&quot;,&quot;_animation_delay&quot;:300}\" data-widget_type=\"text-editor.default\">\n\t\t\t\t<div class=\"elementor-widget-container\">\n\t\t\t\t\t\t\t\t\t<p>Die H\u00f6he der Steuergutschrift ist auf einen j\u00e4hrlichen H\u00f6chstbetrag begrenzt, der per Dekret festgelegt wird. Bei \u00dcberschreitung dieser Obergrenzen sind die Ausgaben nicht mehr f\u00fcr die Steuergutschrift qualifiziert. <\/p>\n<p>Die Urssaf und die Generaldirektion der \u00f6ffentlichen Finanzen haben den Service Avance imm\u00e9diate eingerichtet, der es Ihnen erm\u00f6glicht, Ihre Steuergutschrift sofort von dem Betrag abzuziehen, den Eclat de Moselle Ihnen f\u00fcr die in Ihrem Haushalt erbrachten Leistungen in Rechnung stellt.  <span style=\"font-weight: bolder;\">Es handelt sich um einen optionalen, kostenlosen und papierlosen Dienst.<\/span><\/p>\n<p><a style=\"background-color: #ffffff;\" href=\"https:\/\/www.eclatdemoselle.fr\/de\/privatpersonen\/?elementor-preview=45&#038;ver=1733530203#\">Laden Sie unsere Formulare im PDF-Format f\u00fcr den sofortigen Vorschuss herunter<\/a>.<\/p>\n<p>F\u00fcr weitere Informationen besuchen Sie bitte diesen <a href=\"https:\/\/www.servicesalapersonne.gouv.fr\/beneficier-des-sap\/services-la-personne-avantages-fiscaux-et-sociaux-pour-particuliers\">Link<\/a>.<\/p>\n\t\t\t\t\t\t\t\t<\/div>\n\t\t\t\t<\/div>\n\t\t\t\t<\/div>\n\t\t\t\t<div class=\"elementor-element elementor-element-dc59aa1 elementor-widget elementor-widget-image\" data-id=\"dc59aa1\" data-element_type=\"widget\" data-e-type=\"widget\" data-widget_type=\"image.default\">\n\t\t\t\t<div class=\"elementor-widget-container\">\n\t\t\t\t\t\t\t\t\t\t\t\t\t\t\t<img fetchpriority=\"high\" decoding=\"async\" width=\"768\" height=\"768\" src=\"https:\/\/www.eclatdemoselle.fr\/wp-content\/uploads\/2025\/01\/immediate_help_financial-768x768.png\" class=\"attachment-medium_large size-medium_large wp-image-1876\" alt=\"Avance imm\u00e9diate ! B\u00e9n\u00e9ficiez des aides de l&#039;\u00e9tat\" srcset=\"https:\/\/www.eclatdemoselle.fr\/wp-content\/uploads\/2025\/01\/immediate_help_financial-768x768.png 768w, https:\/\/www.eclatdemoselle.fr\/wp-content\/uploads\/2025\/01\/immediate_help_financial-300x300.png 300w, https:\/\/www.eclatdemoselle.fr\/wp-content\/uploads\/2025\/01\/immediate_help_financial-1024x1024.png 1024w, https:\/\/www.eclatdemoselle.fr\/wp-content\/uploads\/2025\/01\/immediate_help_financial-150x150.png 150w, https:\/\/www.eclatdemoselle.fr\/wp-content\/uploads\/2025\/01\/immediate_help_financial.png 1080w\" sizes=\"(max-width: 768px) 100vw, 768px\" \/>\t\t\t\t\t\t\t\t\t\t\t\t\t\t\t<\/div>\n\t\t\t\t<\/div>\n\t\t\t\t<\/div>\n\t\t\t\t\t<\/div>\n\t\t\t\t<\/div>\n\t\t\t\t<\/div>\n\t\t","protected":false},"excerpt":{"rendered":"<p>Finanzielle Hilfen Finanzielle Unterst\u00fctzung f\u00fcr Einzelpersonen Steuergutschrift : Unser Unternehmen Eclat de Moselle hat von der Pr\u00e4fektur Moselle die offizielle Zulassung erhalten, um personenbezogene Dienstleistungen anzubieten, einschlie\u00dflich der Pflege des Hauses und der Haushaltsarbeiten. Dank dieser Zulassung sind wir in der Lage, unseren Kunden finanzielle Unterst\u00fctzung in Form von Steuergutschriften anzubieten. Das bedeutet, dass Sie [&hellip;]<\/p>\n","protected":false},"author":2,"featured_media":0,"parent":0,"menu_order":0,"comment_status":"closed","ping_status":"closed","template":"","meta":{"footnotes":""},"class_list":["post-799","page","type-page","status-publish","hentry"],"aioseo_notices":[],"_links":{"self":[{"href":"https:\/\/www.eclatdemoselle.fr\/de\/wp-json\/wp\/v2\/pages\/799","targetHints":{"allow":["GET"]}}],"collection":[{"href":"https:\/\/www.eclatdemoselle.fr\/de\/wp-json\/wp\/v2\/pages"}],"about":[{"href":"https:\/\/www.eclatdemoselle.fr\/de\/wp-json\/wp\/v2\/types\/page"}],"author":[{"embeddable":true,"href":"https:\/\/www.eclatdemoselle.fr\/de\/wp-json\/wp\/v2\/users\/2"}],"replies":[{"embeddable":true,"href":"https:\/\/www.eclatdemoselle.fr\/de\/wp-json\/wp\/v2\/comments?post=799"}],"version-history":[{"count":6,"href":"https:\/\/www.eclatdemoselle.fr\/de\/wp-json\/wp\/v2\/pages\/799\/revisions"}],"predecessor-version":[{"id":2264,"href":"https:\/\/www.eclatdemoselle.fr\/de\/wp-json\/wp\/v2\/pages\/799\/revisions\/2264"}],"wp:attachment":[{"href":"https:\/\/www.eclatdemoselle.fr\/de\/wp-json\/wp\/v2\/media?parent=799"}],"curies":[{"name":"wp","href":"https:\/\/api.w.org\/{rel}","templated":true}]}}