{"id":797,"date":"2024-12-05T11:24:53","date_gmt":"2024-12-05T11:24:53","guid":{"rendered":"https:\/\/www.eclatdemoselle.fr\/aids\/"},"modified":"2025-01-27T10:17:07","modified_gmt":"2025-01-27T10:17:07","slug":"aids","status":"publish","type":"page","link":"https:\/\/www.eclatdemoselle.fr\/en\/aids\/","title":{"rendered":"Financial assistance for our services"},"content":{"rendered":"\t\t<div data-elementor-type=\"wp-page\" data-elementor-id=\"797\" class=\"elementor elementor-797 elementor-58\" data-elementor-post-type=\"page\">\n\t\t\t\t<div class=\"elementor-element elementor-element-04a2478 e-flex e-con-boxed e-con e-parent\" data-id=\"04a2478\" data-element_type=\"container\" data-e-type=\"container\" data-settings=\"{&quot;background_background&quot;:&quot;classic&quot;}\">\n\t\t\t\t\t<div class=\"e-con-inner\">\n\t\t\t\t\t<\/div>\n\t\t\t\t<\/div>\n\t\t<div class=\"elementor-element elementor-element-b32b48a e-flex e-con-boxed e-con e-parent\" data-id=\"b32b48a\" data-element_type=\"container\" data-e-type=\"container\">\n\t\t\t\t\t<div class=\"e-con-inner\">\n\t\t\t\t<div class=\"elementor-element elementor-element-19b9bc4 elementor-invisible elementor-widget elementor-widget-heading\" data-id=\"19b9bc4\" data-element_type=\"widget\" data-e-type=\"widget\" data-settings=\"{&quot;_animation&quot;:&quot;fadeIn&quot;}\" data-widget_type=\"heading.default\">\n\t\t\t\t<div class=\"elementor-widget-container\">\n\t\t\t\t\t<h2 class=\"elementor-heading-title elementor-size-default\">Financial aid<\/h2>\t\t\t\t<\/div>\n\t\t\t\t<\/div>\n\t\t\t\t<div class=\"elementor-element elementor-element-60a53bd elementor-widget elementor-widget-text-editor\" data-id=\"60a53bd\" data-element_type=\"widget\" data-e-type=\"widget\" data-widget_type=\"text-editor.default\">\n\t\t\t\t<div class=\"elementor-widget-container\">\n\t\t\t\t\t\t\t\t\t<p>Financial assistance available to individuals<\/p>\n\t\t\t\t\t\t\t\t<\/div>\n\t\t\t\t<\/div>\n\t\t<div class=\"elementor-element elementor-element-50c6ac9 e-con-full e-flex e-con e-child\" data-id=\"50c6ac9\" data-element_type=\"container\" data-e-type=\"container\">\n\t\t<div class=\"elementor-element elementor-element-9fabc50 e-con-full e-flex e-con e-child\" data-id=\"9fabc50\" data-element_type=\"container\" data-e-type=\"container\">\n\t\t\t\t<div class=\"elementor-element elementor-element-45c70a6 elementor-widget__width-initial elementor-widget-tablet__width-inherit elementor-invisible elementor-widget elementor-widget-text-editor\" data-id=\"45c70a6\" data-element_type=\"widget\" data-e-type=\"widget\" data-settings=\"{&quot;_animation&quot;:&quot;fadeInUp&quot;,&quot;_animation_delay&quot;:300}\" data-widget_type=\"text-editor.default\">\n\t\t\t\t<div class=\"elementor-widget-container\">\n\t\t\t\t\t\t\t\t\t<p><strong>Tax credit :<\/strong><\/p>\n<p>Our company <strong>Eclat de Moselle<\/strong> has received official approval from the <strong>Moselle Prefecture<\/strong> to offer personal services, including home maintenance and housework.<\/p>\n<p>Thanks to this approval, we are able to offer our customers financial assistance in the form of <strong>tax credits<\/strong>.<\/p>\n<p>This means that, by using our services, you can benefit from a tax reduction, making our offer even more accessible and advantageous.<\/p>\n<p>One of the main features of this tax credit is that it allows <strong>immediate advance payment<\/strong>. The tax credit advance is paid in January, at the start of the year. This mechanism means our customers don&#8217;t have to wait for the tax return to benefit from the financial advantage. This greatly simplifies the process and gives you an immediate discount on the cost of our services.<\/p>\n<p>To take advantage of this offer, simply download the necessary <a href=\"https:\/\/www.impots.gouv.fr\/formulaire\/2042\/declaration-des-revenus\" target=\"_blank\" rel=\"nofollow noopener\">PDF forms<\/a> directly from our website. Once completed and submitted, these forms will enable you to formalize your tax credit application, in order to benefit from this financial aid.<\/p>\n<p>There are no specific conditions to be met in order to benefit from financial aid, except of course for using our approved company.<\/p>\n<p>With <strong>Eclat de Moselle<\/strong>, we are committed to making your personal services not only high quality, but also accessible thanks to simple and direct tax benefits.<\/p>\n<p>So you can reduce your budget while benefiting from professional, reliable home maintenance services.<\/p>\n<p>The tax credit advance is paid at the beginning of the year, in January.<\/p>\n<p>There are no criteria to qualify, as our company already has approval.<\/p>\n\t\t\t\t\t\t\t\t<\/div>\n\t\t\t\t<\/div>\n\t\t\t\t<div class=\"elementor-element elementor-element-89d7da3 elementor-widget__width-initial elementor-widget-tablet__width-inherit elementor-invisible elementor-widget elementor-widget-text-editor\" data-id=\"89d7da3\" data-element_type=\"widget\" data-e-type=\"widget\" data-settings=\"{&quot;_animation&quot;:&quot;fadeInUp&quot;,&quot;_animation_delay&quot;:300}\" data-widget_type=\"text-editor.default\">\n\t\t\t\t<div class=\"elementor-widget-container\">\n\t\t\t\t\t\t\t\t\t<p><u><strong>Immediate advance :<\/strong><\/u><\/p>\n<p>The Immediate Tax Credit Advance is a free, optional service offered by Urssaf. The amount of the 50% tax credit to which a private individual is entitled for the use of an employee or home service provider for personal services activities, is automatically deducted from the cost of the employment or service. <\/p>\n<p>In other words, you don&#8217;t have to make any cash advances. You benefit from your tax credit at the time of expenditure, without waiting until the following year! <\/p>\n\t\t\t\t\t\t\t\t<\/div>\n\t\t\t\t<\/div>\n\t\t\t\t<div class=\"elementor-element elementor-element-7d741c3 elementor-widget__width-initial elementor-widget-tablet__width-inherit elementor-invisible elementor-widget elementor-widget-text-editor\" data-id=\"7d741c3\" data-element_type=\"widget\" data-e-type=\"widget\" data-settings=\"{&quot;_animation&quot;:&quot;fadeInUp&quot;,&quot;_animation_delay&quot;:300}\" data-widget_type=\"text-editor.default\">\n\t\t\t\t<div class=\"elementor-widget-container\">\n\t\t\t\t\t\t\t\t\t<p>With Immediate Advance :<\/p>\n<ul style=\"font-size: 16px; background-color: #ffffff;\">\n<li style=\"font-size: 16px;\">you benefit immediately from your tax credit without having to pay in advance;<\/li>\n<li style=\"font-size: 16px;\">easier budget management;<\/li>\n<li style=\"font-size: 16px;\">view your tax credit consumption in real time on <a title=\"Cesu urssaf\" href=\"http:\/\/cesu.urssaf.fr\/\" target=\"_blank\" rel=\"nofollow noopener\">cesu.urssaf.fr<\/a> or <a title=\"Individuals urssaf\" href=\"http:\/\/particulier.urssaf.fr\/\" target=\"_blank\" rel=\"nofollow noopener\">particulier.urssaf.fr<\/a>.<\/li>\n<\/ul>\n\t\t\t\t\t\t\t\t<\/div>\n\t\t\t\t<\/div>\n\t\t\t\t<div class=\"elementor-element elementor-element-72785b3 elementor-widget__width-initial elementor-widget-tablet__width-inherit elementor-invisible elementor-widget elementor-widget-text-editor\" data-id=\"72785b3\" data-element_type=\"widget\" data-e-type=\"widget\" data-settings=\"{&quot;_animation&quot;:&quot;fadeInUp&quot;,&quot;_animation_delay&quot;:300}\" data-widget_type=\"text-editor.default\">\n\t\t\t\t<div class=\"elementor-widget-container\">\n\t\t\t\t\t\t\t\t\t<p>The amount of the tax credit is limited to an annual ceiling set by decree. Beyond these ceilings, expenses are no longer eligible for the tax credit. <\/p>\n<p>The Urssaf and the Direction g\u00e9n\u00e9rale des Finances publiques have set up the Avance imm\u00e9diate service, which allows you to immediately deduct your tax credit from the amount Eclat de Moselle invoices you for services provided in your home.  <span style=\"font-weight: bolder;\">This is an optional, free, paperless service.<\/span><\/p>\n<p><a style=\"background-color: #ffffff;\" href=\"https:\/\/www.eclatdemoselle.fr\/en\/individuals\/?elementor-preview=45&#038;ver=1733530203#\">Download our PDF forms for immediate advance<\/a>.<\/p>\n<p>For further information, please consult this <a href=\"https:\/\/www.servicesalapersonne.gouv.fr\/beneficier-des-sap\/services-la-personne-avantages-fiscaux-et-sociaux-pour-particuliers\">link<\/a>.<\/p>\n\t\t\t\t\t\t\t\t<\/div>\n\t\t\t\t<\/div>\n\t\t\t\t<\/div>\n\t\t\t\t<div class=\"elementor-element elementor-element-dc59aa1 elementor-widget elementor-widget-image\" data-id=\"dc59aa1\" data-element_type=\"widget\" data-e-type=\"widget\" data-widget_type=\"image.default\">\n\t\t\t\t<div class=\"elementor-widget-container\">\n\t\t\t\t\t\t\t\t\t\t\t\t\t\t\t<img fetchpriority=\"high\" decoding=\"async\" width=\"768\" height=\"768\" src=\"https:\/\/www.eclatdemoselle.fr\/wp-content\/uploads\/2025\/01\/immediate_help_financial-768x768.png\" class=\"attachment-medium_large size-medium_large wp-image-1875\" alt=\"Avance imm\u00e9diate ! B\u00e9n\u00e9ficiez des aides de l&#039;\u00e9tat\" srcset=\"https:\/\/www.eclatdemoselle.fr\/wp-content\/uploads\/2025\/01\/immediate_help_financial-768x768.png 768w, https:\/\/www.eclatdemoselle.fr\/wp-content\/uploads\/2025\/01\/immediate_help_financial-300x300.png 300w, https:\/\/www.eclatdemoselle.fr\/wp-content\/uploads\/2025\/01\/immediate_help_financial-1024x1024.png 1024w, https:\/\/www.eclatdemoselle.fr\/wp-content\/uploads\/2025\/01\/immediate_help_financial-150x150.png 150w, https:\/\/www.eclatdemoselle.fr\/wp-content\/uploads\/2025\/01\/immediate_help_financial.png 1080w\" sizes=\"(max-width: 768px) 100vw, 768px\" \/>\t\t\t\t\t\t\t\t\t\t\t\t\t\t\t<\/div>\n\t\t\t\t<\/div>\n\t\t\t\t<\/div>\n\t\t\t\t\t<\/div>\n\t\t\t\t<\/div>\n\t\t\t\t<\/div>\n\t\t","protected":false},"excerpt":{"rendered":"<p>Financial aid Financial assistance available to individuals Tax credit : Our company Eclat de Moselle has received official approval from the Moselle Prefecture to offer personal services, including home maintenance and housework. Thanks to this approval, we are able to offer our customers financial assistance in the form of tax credits. This means that, by [&hellip;]<\/p>\n","protected":false},"author":2,"featured_media":0,"parent":0,"menu_order":0,"comment_status":"closed","ping_status":"closed","template":"","meta":{"footnotes":""},"class_list":["post-797","page","type-page","status-publish","hentry"],"aioseo_notices":[],"_links":{"self":[{"href":"https:\/\/www.eclatdemoselle.fr\/en\/wp-json\/wp\/v2\/pages\/797","targetHints":{"allow":["GET"]}}],"collection":[{"href":"https:\/\/www.eclatdemoselle.fr\/en\/wp-json\/wp\/v2\/pages"}],"about":[{"href":"https:\/\/www.eclatdemoselle.fr\/en\/wp-json\/wp\/v2\/types\/page"}],"author":[{"embeddable":true,"href":"https:\/\/www.eclatdemoselle.fr\/en\/wp-json\/wp\/v2\/users\/2"}],"replies":[{"embeddable":true,"href":"https:\/\/www.eclatdemoselle.fr\/en\/wp-json\/wp\/v2\/comments?post=797"}],"version-history":[{"count":6,"href":"https:\/\/www.eclatdemoselle.fr\/en\/wp-json\/wp\/v2\/pages\/797\/revisions"}],"predecessor-version":[{"id":2262,"href":"https:\/\/www.eclatdemoselle.fr\/en\/wp-json\/wp\/v2\/pages\/797\/revisions\/2262"}],"wp:attachment":[{"href":"https:\/\/www.eclatdemoselle.fr\/en\/wp-json\/wp\/v2\/media?parent=797"}],"curies":[{"name":"wp","href":"https:\/\/api.w.org\/{rel}","templated":true}]}}